{"id":160,"date":"2024-08-13T10:07:32","date_gmt":"2024-08-13T10:07:32","guid":{"rendered":"https:\/\/tahirkoc.com.tr\/?page_id=160"},"modified":"2024-08-13T10:31:03","modified_gmt":"2024-08-13T10:31:03","slug":"iletisim","status":"publish","type":"page","link":"https:\/\/tahirkoc.com.tr\/index.php\/iletisim\/","title":{"rendered":"\u0130leti\u015fim"},"content":{"rendered":"<p>[et_pb_section fb_built=&#8221;1&#8243; admin_label=&#8221;Header&#8221; _builder_version=&#8221;4.21.0&#8243; _module_preset=&#8221;default&#8221; background_color=&#8221;gcid-4c119920-fe37-4b7d-b1e0-a1ec608cdcd7&#8243; background_size=&#8221;stretch&#8221; border_width_all=&#8221;10px&#8221; border_color_all=&#8221;gcid-270b494a-7797-4179-a3cb-58e2ea5a2b33&#8243; border_style_all=&#8221;double&#8221; locked=&#8221;off&#8221; collapsed=&#8221;on&#8221; global_colors_info=&#8221;{%22gcid-4c119920-fe37-4b7d-b1e0-a1ec608cdcd7%22:%91%22background_color%22,%22background_color_gradient_stops%22%93,%22gcid-270b494a-7797-4179-a3cb-58e2ea5a2b33%22:%91%22border_color_all%22%93}&#8221;][et_pb_row _builder_version=&#8221;4.21.0&#8243; _module_preset=&#8221;default&#8221; locked=&#8221;off&#8221; global_colors_info=&#8221;{}&#8221;][et_pb_column type=&#8221;4_4&#8243; _builder_version=&#8221;4.21.0&#8243; _module_preset=&#8221;default&#8221; global_colors_info=&#8221;{}&#8221;][et_pb_text _builder_version=&#8221;4.21.0&#8243; _module_preset=&#8221;e227442a-1f59-4cdc-8b09-f0ce3d679124&#8243; header_text_color=&#8221;#FFFFFF&#8221; custom_margin=&#8221;||0px||false|false&#8221; locked=&#8221;off&#8221; global_colors_info=&#8221;{}&#8221;]<\/p>\n<h1>\u0130leti\u015fim<\/h1>\n<p>[\/et_pb_text][et_pb_text _builder_version=&#8221;4.27.0&#8243; _module_preset=&#8221;default&#8221; hover_enabled=&#8221;0&#8243; sticky_enabled=&#8221;0&#8243;]<\/p>\n<div class=\"css-1g04lal-DivShareLayoutHeader-StyledDivShareLayoutHeaderV2 enm41492\">\n<h2 data-e2e=\"user-bio\" class=\"css-cm3m4u-H2ShareDesc e1457k4r3\" style=\"text-align: center;\"><span style=\"color: #ffffff;\">\ud83d\udcccYedi Mavi Kennedy Cad. G:167 Zeytinburnu, \u0130stanbul<\/span><\/h2>\n<div class=\"css-1gaw23l-DivButtonsContainer ee7zj8d6\">\n<div role=\"button\" aria-label=\"Payla\u015f\" data-e2e=\"share-btn\" class=\"css-adnylo-DivShareActions ee7zj8d9\" tabindex=\"0\"><svg class=\"css-1ss3xbd-StyledShareIcon ee7zj8d19\" width=\"24\" data-e2e=\"\" height=\"24\" viewbox=\"0 0 24 24\" fill=\"none\" xmlns=\"http:\/\/www.w3.org\/2000\/svg\"><path d=\"M12.5546 8.35111L13.3171 8.16468V7.37972V3.50006L21.4998 12.0001L13.3171 20.5001V16.3738V15.3664L12.3098 15.3738C8.838 15.3994 5.4275 17.0466 2.49983 19.5882C2.54612 19.2536 2.67769 18.641 2.94391 17.8329C3.3786 16.5132 4.01326 15.1988 4.88691 13.971C6.71045 11.4083 9.24414 9.16046 12.5546 8.35111Z\" stroke=\"#161823\" stroke-width=\"2\"><\/path><\/svg><\/div>\n<div role=\"button\" aria-label=\"Eylemler\" data-e2e=\"user-more\" class=\"css-usq6rj-DivMoreActions ee7zj8d10\" tabindex=\"0\"><\/div>\n<\/div>\n<\/div>\n<div class=\"css-833rgq-DivShareLayoutMain ee7zj8d4\">\n<div class=\"css-159axd7-FeedTabWrapper e1jjp0pq7\">\n<div class=\"css-1dw5iuh-DivVideoFeedTab e1jjp0pq0\">\n<p aria-selected=\"true\" role=\"tab\" data-e2e=\"videos-tab\" class=\"css-19wzc96-PPost e1jjp0pq1\" tabindex=\"0\">\n<\/div>\n<\/div>\n<\/div>\n<p>[\/et_pb_text][et_pb_divider color=&#8221;gcid-270b494a-7797-4179-a3cb-58e2ea5a2b33&#8243; divider_position=&#8221;center&#8221; _builder_version=&#8221;4.21.0&#8243; _module_preset=&#8221;default&#8221; width=&#8221;70%&#8221; module_alignment=&#8221;right&#8221; custom_margin_tablet=&#8221;5px||||false|false&#8221; custom_margin_phone=&#8221;0px||||false|false&#8221; custom_margin_last_edited=&#8221;off|desktop&#8221; custom_padding=&#8221;||||false|false&#8221; locked=&#8221;off&#8221; global_colors_info=&#8221;{%22gcid-270b494a-7797-4179-a3cb-58e2ea5a2b33%22:%91%22color%22%93}&#8221;][\/et_pb_divider][\/et_pb_column][\/et_pb_row][et_pb_row _builder_version=&#8221;4.21.0&#8243; _module_preset=&#8221;default&#8221; global_colors_info=&#8221;{}&#8221;][et_pb_column type=&#8221;4_4&#8243; _builder_version=&#8221;4.21.0&#8243; _module_preset=&#8221;default&#8221; global_colors_info=&#8221;{}&#8221;][et_pb_contact_form captcha=&#8221;off&#8221; _builder_version=&#8221;4.27.0&#8243; _module_preset=&#8221;eb4a9c6b-ff2d-4b41-857a-7968f08a698c&#8221; locked=&#8221;off&#8221; global_colors_info=&#8221;{}&#8221;][et_pb_contact_field field_id=&#8221;AdSoyad&#8221; field_title=&#8221;Ad Soyad&#8221; fullwidth_field=&#8221;on&#8221; _builder_version=&#8221;4.27.0&#8243; _module_preset=&#8221;default&#8221; global_colors_info=&#8221;{}&#8221; button_text_size__hover_enabled=&#8221;off&#8221; button_one_text_size__hover_enabled=&#8221;off&#8221; button_two_text_size__hover_enabled=&#8221;off&#8221; button_text_color__hover_enabled=&#8221;off&#8221; button_one_text_color__hover_enabled=&#8221;off&#8221; button_two_text_color__hover_enabled=&#8221;off&#8221; button_border_width__hover_enabled=&#8221;off&#8221; button_one_border_width__hover_enabled=&#8221;off&#8221; button_two_border_width__hover_enabled=&#8221;off&#8221; button_border_color__hover_enabled=&#8221;off&#8221; button_one_border_color__hover_enabled=&#8221;off&#8221; button_two_border_color__hover_enabled=&#8221;off&#8221; button_border_radius__hover_enabled=&#8221;off&#8221; button_one_border_radius__hover_enabled=&#8221;off&#8221; button_two_border_radius__hover_enabled=&#8221;off&#8221; button_letter_spacing__hover_enabled=&#8221;off&#8221; button_one_letter_spacing__hover_enabled=&#8221;off&#8221; button_two_letter_spacing__hover_enabled=&#8221;off&#8221; button_bg_color__hover_enabled=&#8221;off&#8221; button_one_bg_color__hover_enabled=&#8221;off&#8221; button_two_bg_color__hover_enabled=&#8221;off&#8221;][\/et_pb_contact_field][et_pb_contact_field field_id=&#8221;Email&#8221; field_title=&#8221;Email Adresiniz&#8221; field_type=&#8221;email&#8221; fullwidth_field=&#8221;on&#8221; _builder_version=&#8221;4.27.0&#8243; _module_preset=&#8221;default&#8221; global_colors_info=&#8221;{}&#8221; button_text_size__hover_enabled=&#8221;off&#8221; button_one_text_size__hover_enabled=&#8221;off&#8221; button_two_text_size__hover_enabled=&#8221;off&#8221; button_text_color__hover_enabled=&#8221;off&#8221; button_one_text_color__hover_enabled=&#8221;off&#8221; button_two_text_color__hover_enabled=&#8221;off&#8221; button_border_width__hover_enabled=&#8221;off&#8221; button_one_border_width__hover_enabled=&#8221;off&#8221; button_two_border_width__hover_enabled=&#8221;off&#8221; button_border_color__hover_enabled=&#8221;off&#8221; button_one_border_color__hover_enabled=&#8221;off&#8221; button_two_border_color__hover_enabled=&#8221;off&#8221; button_border_radius__hover_enabled=&#8221;off&#8221; button_one_border_radius__hover_enabled=&#8221;off&#8221; button_two_border_radius__hover_enabled=&#8221;off&#8221; button_letter_spacing__hover_enabled=&#8221;off&#8221; button_one_letter_spacing__hover_enabled=&#8221;off&#8221; button_two_letter_spacing__hover_enabled=&#8221;off&#8221; button_bg_color__hover_enabled=&#8221;off&#8221; button_one_bg_color__hover_enabled=&#8221;off&#8221; button_two_bg_color__hover_enabled=&#8221;off&#8221;][\/et_pb_contact_field][et_pb_contact_field field_id=&#8221;Mesaj&#8221; field_title=&#8221;Mesaj\u0131n\u0131z&#8221; field_type=&#8221;text&#8221; fullwidth_field=&#8221;on&#8221; _builder_version=&#8221;4.27.0&#8243; _module_preset=&#8221;default&#8221; global_colors_info=&#8221;{}&#8221; button_text_size__hover_enabled=&#8221;off&#8221; button_one_text_size__hover_enabled=&#8221;off&#8221; button_two_text_size__hover_enabled=&#8221;off&#8221; button_text_color__hover_enabled=&#8221;off&#8221; button_one_text_color__hover_enabled=&#8221;off&#8221; button_two_text_color__hover_enabled=&#8221;off&#8221; button_border_width__hover_enabled=&#8221;off&#8221; button_one_border_width__hover_enabled=&#8221;off&#8221; button_two_border_width__hover_enabled=&#8221;off&#8221; button_border_color__hover_enabled=&#8221;off&#8221; button_one_border_color__hover_enabled=&#8221;off&#8221; button_two_border_color__hover_enabled=&#8221;off&#8221; button_border_radius__hover_enabled=&#8221;off&#8221; button_one_border_radius__hover_enabled=&#8221;off&#8221; button_two_border_radius__hover_enabled=&#8221;off&#8221; button_letter_spacing__hover_enabled=&#8221;off&#8221; button_one_letter_spacing__hover_enabled=&#8221;off&#8221; button_two_letter_spacing__hover_enabled=&#8221;off&#8221; button_bg_color__hover_enabled=&#8221;off&#8221; button_one_bg_color__hover_enabled=&#8221;off&#8221; button_two_bg_color__hover_enabled=&#8221;off&#8221;][\/et_pb_contact_field][\/et_pb_contact_form][\/et_pb_column][\/et_pb_row][et_pb_row _builder_version=&#8221;4.27.0&#8243; _module_preset=&#8221;default&#8221;][et_pb_column _builder_version=&#8221;4.27.0&#8243; _module_preset=&#8221;default&#8221; type=&#8221;4_4&#8243;][et_pb_text _builder_version=&#8221;4.27.0&#8243; _module_preset=&#8221;default&#8221; hover_enabled=&#8221;0&#8243; sticky_enabled=&#8221;0&#8243;]<\/p>\n<div class=\"css-1g04lal-DivShareLayoutHeader-StyledDivShareLayoutHeaderV2 enm41492\">\n<h2 data-e2e=\"user-bio\" class=\"css-cm3m4u-H2ShareDesc e1457k4r3\" style=\"text-align: center;\"><span style=\"color: #ffffff;\">\ud83d\udcccYedi Mavi Kennedy Cad. G:167 Zeytinburnu, \u0130stanbul<\/span><\/h2>\n<div class=\"css-1gaw23l-DivButtonsContainer ee7zj8d6\">\n<div role=\"button\" aria-label=\"Payla\u015f\" data-e2e=\"share-btn\" class=\"css-adnylo-DivShareActions ee7zj8d9\" tabindex=\"0\"><svg class=\"css-1ss3xbd-StyledShareIcon ee7zj8d19\" width=\"24\" data-e2e=\"\" height=\"24\" viewbox=\"0 0 24 24\" fill=\"none\" xmlns=\"http:\/\/www.w3.org\/2000\/svg\"><path d=\"M12.5546 8.35111L13.3171 8.16468V7.37972V3.50006L21.4998 12.0001L13.3171 20.5001V16.3738V15.3664L12.3098 15.3738C8.838 15.3994 5.4275 17.0466 2.49983 19.5882C2.54612 19.2536 2.67769 18.641 2.94391 17.8329C3.3786 16.5132 4.01326 15.1988 4.88691 13.971C6.71045 11.4083 9.24414 9.16046 12.5546 8.35111Z\" stroke=\"#161823\" stroke-width=\"2\"><\/path><\/svg><\/div>\n<div role=\"button\" aria-label=\"Eylemler\" data-e2e=\"user-more\" class=\"css-usq6rj-DivMoreActions ee7zj8d10\" tabindex=\"0\"><\/div>\n<\/div>\n<\/div>\n<div class=\"css-833rgq-DivShareLayoutMain ee7zj8d4\">\n<div class=\"css-159axd7-FeedTabWrapper e1jjp0pq7\">\n<div class=\"css-1dw5iuh-DivVideoFeedTab e1jjp0pq0\">\n<p aria-selected=\"true\" role=\"tab\" data-e2e=\"videos-tab\" class=\"css-19wzc96-PPost e1jjp0pq1\" tabindex=\"0\">\n<\/div>\n<\/div>\n<\/div>\n<p>[\/et_pb_text][\/et_pb_column][\/et_pb_row][et_pb_row _builder_version=&#8221;4.27.0&#8243; _module_preset=&#8221;default&#8221;][et_pb_column _builder_version=&#8221;4.27.0&#8243; _module_preset=&#8221;default&#8221; type=&#8221;4_4&#8243;][et_pb_post_title _builder_version=&#8221;4.27.0&#8243; _module_preset=&#8221;default&#8221; hover_enabled=&#8221;0&#8243; sticky_enabled=&#8221;0&#8243;][\/et_pb_post_title][\/et_pb_column][\/et_pb_row][\/et_pb_section][et_pb_section fb_built=&#8221;1&#8243; admin_label=&#8221;Map&#8221; _builder_version=&#8221;4.27.0&#8243; _module_preset=&#8221;default&#8221; custom_padding=&#8221;0px||0px||true|false&#8221; hover_enabled=&#8221;0&#8243; collapsed=&#8221;on&#8221; global_colors_info=&#8221;{}&#8221; background_color=&#8221;#000000&#8243; sticky_enabled=&#8221;0&#8243;][et_pb_row _builder_version=&#8221;4.27.0&#8243; _module_preset=&#8221;default&#8221; global_colors_info=&#8221;{}&#8221;][et_pb_column type=&#8221;4_4&#8243; _builder_version=&#8221;4.27.0&#8243; _module_preset=&#8221;default&#8221; global_colors_info=&#8221;{}&#8221;][et_pb_image src=&#8221;https:\/\/tahirkoc.com.tr\/wp-content\/uploads\/2024\/08\/maps.png&#8221; title_text=&#8221;maps&#8221; force_fullwidth=&#8221;on&#8221; _builder_version=&#8221;4.27.0&#8243; _module_preset=&#8221;default&#8221; global_colors_info=&#8221;{}&#8221;][\/et_pb_image][\/et_pb_column][\/et_pb_row][\/et_pb_section][et_pb_section fb_built=&#8221;1&#8243; admin_label=&#8221;Footer&#8221; _builder_version=&#8221;4.21.0&#8243; _module_preset=&#8221;default&#8221; background_color=&#8221;gcid-f173c7a3-9e00-4e82-b195-d41f2add7ec5&#8243; saved_tabs=&#8221;all&#8221; collapsed=&#8221;on&#8221; global_colors_info=&#8221;{%22gcid-f173c7a3-9e00-4e82-b195-d41f2add7ec5%22:%91%22background_color%22%93}&#8221;][et_pb_row column_structure=&#8221;3_5,2_5&#8243; make_equal=&#8221;on&#8221; admin_label=&#8221;Sat\u0131r&#8221; _builder_version=&#8221;4.21.0&#8243; _module_preset=&#8221;default&#8221; global_colors_info=&#8221;{}&#8221;][et_pb_column type=&#8221;3_5&#8243; _builder_version=&#8221;4.21.0&#8243; _module_preset=&#8221;default&#8221; custom_padding=&#8221;5vw||5vw||true|false&#8221; custom_padding_tablet=&#8221;0vw||0vw||true|false&#8221; custom_padding_phone=&#8221;&#8221; custom_padding_last_edited=&#8221;on|tablet&#8221; global_colors_info=&#8221;{}&#8221;][et_pb_text _builder_version=&#8221;4.27.0&#8243; _module_preset=&#8221;07c1b6a4-8f25-4ea1-bae4-eb30edccd599&#8243; header_2_text_color=&#8221;gcid-270b494a-7797-4179-a3cb-58e2ea5a2b33&#8243; global_colors_info=&#8221;{%22gcid-270b494a-7797-4179-a3cb-58e2ea5a2b33%22:%91%22header_2_text_color%22%93}&#8221;]<\/p>\n<h2>TAH\u0130R KO\u00c7 BARBER SHOP<\/h2>\n<p>[\/et_pb_text][et_pb_text _builder_version=&#8221;4.27.0&#8243; _module_preset=&#8221;07c1b6a4-8f25-4ea1-bae4-eb30edccd599&#8243; link_text_color=&#8221;#FFFFFF&#8221; header_2_text_color=&#8221;#FFFFFF&#8221; custom_margin=&#8221;||0px||false|false&#8221; link_option_url=&#8221;https:\/\/tahirkoc.com.tr\/index.php\/hizmetler\/&#8221; global_colors_info=&#8221;{%22gcid-270b494a-7797-4179-a3cb-58e2ea5a2b33%22:%91%22link_text_color__hover%22%93}&#8221; link_text_color__hover_enabled=&#8221;on|hover&#8221; link_text_color__hover=&#8221;#cea46f&#8221;]<\/p>\n<h2>H\u0130ZMETLER<\/h2>\n<p>[\/et_pb_text][et_pb_text _builder_version=&#8221;4.27.0&#8243; _module_preset=&#8221;07c1b6a4-8f25-4ea1-bae4-eb30edccd599&#8243; link_text_color=&#8221;#FFFFFF&#8221; header_2_text_color=&#8221;#FFFFFF&#8221; custom_margin=&#8221;||0px||false|false&#8221; link_option_url=&#8221;https:\/\/tahirkoc.com.tr\/index.php\/hakkimizda\/&#8221; global_colors_info=&#8221;{%22gcid-270b494a-7797-4179-a3cb-58e2ea5a2b33%22:%91%22link_text_color__hover%22%93}&#8221; link_text_color__hover=&#8221;#cea46f&#8221; link_text_color__hover_enabled=&#8221;on|hover&#8221;]<\/p>\n<h2>HAKKIMIZDA<\/h2>\n<p>[\/et_pb_text][et_pb_text _builder_version=&#8221;4.27.0&#8243; _module_preset=&#8221;07c1b6a4-8f25-4ea1-bae4-eb30edccd599&#8243; link_text_color=&#8221;#FFFFFF&#8221; header_2_text_color=&#8221;#FFFFFF&#8221; custom_margin=&#8221;||0px||false|false&#8221; link_option_url=&#8221;https:\/\/tahirkoc.com.tr\/index.php\/galeri\/&#8221; global_colors_info=&#8221;{%22gcid-270b494a-7797-4179-a3cb-58e2ea5a2b33%22:%91%22link_text_color__hover%22%93}&#8221; link_text_color__hover=&#8221;#cea46f&#8221; link_text_color__hover_enabled=&#8221;on|hover&#8221;]<\/p>\n<h2>GALER\u0130<\/h2>\n<p>[\/et_pb_text][et_pb_text _builder_version=&#8221;4.27.0&#8243; _module_preset=&#8221;07c1b6a4-8f25-4ea1-bae4-eb30edccd599&#8243; link_text_color=&#8221;#FFFFFF&#8221; header_2_text_color=&#8221;#FFFFFF&#8221; custom_margin=&#8221;||0px||false|false&#8221; link_option_url=&#8221;https:\/\/wa.me\/905326226098&#8243; link_option_url_new_window=&#8221;on&#8221; global_colors_info=&#8221;{%22gcid-270b494a-7797-4179-a3cb-58e2ea5a2b33%22:%91%22link_text_color__hover%22%93}&#8221; link_text_color__hover=&#8221;#cea46f&#8221; link_text_color__hover_enabled=&#8221;on|hover&#8221;]<\/p>\n<h2>REZERVASYON<\/h2>\n<p>[\/et_pb_text][et_pb_text _builder_version=&#8221;4.27.0&#8243; _module_preset=&#8221;07c1b6a4-8f25-4ea1-bae4-eb30edccd599&#8243; link_text_color=&#8221;#FFFFFF&#8221; header_2_text_color=&#8221;#FFFFFF&#8221; link_option_url=&#8221;https:\/\/tahirkoc.com.tr\/index.php\/iletisim\/&#8221; global_colors_info=&#8221;{%22gcid-270b494a-7797-4179-a3cb-58e2ea5a2b33%22:%91%22link_text_color__hover%22%93}&#8221; link_text_color__hover=&#8221;#cea46f&#8221; link_text_color__hover_enabled=&#8221;on|hover&#8221;]<\/p>\n<h2>\u0130LET\u0130\u015e\u0130M<\/h2>\n<p>[\/et_pb_text][et_pb_text _builder_version=&#8221;4.21.0&#8243; _module_preset=&#8221;8f5e1ce5-f864-44e3-8829-e5a0b9d0229c&#8221; text_text_color=&#8221;gcid-5a92b32a-7eb7-4cbf-bdc6-bfe5157d88a2&#8243; custom_margin=&#8221;||0px||false|false&#8221; global_colors_info=&#8221;{%22gcid-5a92b32a-7eb7-4cbf-bdc6-bfe5157d88a2%22:%91%22text_text_color%22%93}&#8221;][\/et_pb_text][et_pb_text _builder_version=&#8221;4.27.0&#8243; _module_preset=&#8221;8f5e1ce5-f864-44e3-8829-e5a0b9d0229c&#8221; text_text_color=&#8221;gcid-5a92b32a-7eb7-4cbf-bdc6-bfe5157d88a2&#8243; custom_margin=&#8221;||0px||false|false&#8221; global_colors_info=&#8221;{%22gcid-5a92b32a-7eb7-4cbf-bdc6-bfe5157d88a2%22:%91%22text_text_color%22%93}&#8221;][\/et_pb_text][et_pb_text _builder_version=&#8221;4.27.0&#8243; _module_preset=&#8221;8f5e1ce5-f864-44e3-8829-e5a0b9d0229c&#8221; text_text_color=&#8221;gcid-5a92b32a-7eb7-4cbf-bdc6-bfe5157d88a2&#8243; global_colors_info=&#8221;{%22gcid-5a92b32a-7eb7-4cbf-bdc6-bfe5157d88a2%22:%91%22text_text_color%22%93}&#8221;][\/et_pb_text][et_pb_social_media_follow icon_color=&#8221;gcid-270b494a-7797-4179-a3cb-58e2ea5a2b33&#8243; _builder_version=&#8221;4.27.0&#8243; _module_preset=&#8221;default&#8221; border_radii=&#8221;on|100px|100px|100px|100px&#8221; border_width_all=&#8221;1px&#8221; border_color_all=&#8221;gcid-270b494a-7797-4179-a3cb-58e2ea5a2b33&#8243; global_colors_info=&#8221;{%22gcid-270b494a-7797-4179-a3cb-58e2ea5a2b33%22:%91%22border_color_all%22,%22icon_color%22%93}&#8221;][et_pb_social_media_follow_network social_network=&#8221;instagram&#8221; url=&#8221;https:\/\/www.instagram.com\/tahirkoc_\/&#8221; _builder_version=&#8221;4.27.0&#8243; _module_preset=&#8221;default&#8221; custom_padding=&#8221;4px|4px|4px|4px|true|true&#8221; global_colors_info=&#8221;{}&#8221; follow_button=&#8221;off&#8221; url_new_window=&#8221;on&#8221;]instagram[\/et_pb_social_media_follow_network][et_pb_social_media_follow_network social_network=&#8221;tiktok&#8221; url=&#8221;https:\/\/www.tiktok.com\/@tahir.koc.barber&#8221; _builder_version=&#8221;4.27.0&#8243; _module_preset=&#8221;default&#8221; background_color=&#8221;RGBA(255,255,255,0)&#8221; background_enable_color=&#8221;on&#8221; custom_padding=&#8221;4px|4px|4px|4px|true|true&#8221; global_colors_info=&#8221;{}&#8221; follow_button=&#8221;off&#8221; url_new_window=&#8221;on&#8221;]tiktok[\/et_pb_social_media_follow_network][\/et_pb_social_media_follow][\/et_pb_column][et_pb_column type=&#8221;2_5&#8243; _builder_version=&#8221;4.27.0&#8243; _module_preset=&#8221;default&#8221; background_image=&#8221;https:\/\/tahirkoc.com.tr\/wp-content\/uploads\/2024\/08\/WhatsApp-Image-2024-08-07-at-20.02.29-1.jpeg&#8221; global_colors_info=&#8221;{}&#8221;][et_pb_divider show_divider=&#8221;off&#8221; _builder_version=&#8221;4.21.0&#8243; _module_preset=&#8221;default&#8221; height_tablet=&#8221;64vw&#8221; height_phone=&#8221;64vw&#8221; height_last_edited=&#8221;on|desktop&#8221; locked=&#8221;off&#8221; global_colors_info=&#8221;{}&#8221;][\/et_pb_divider][\/et_pb_column][\/et_pb_row][\/et_pb_section]<\/p>\n","protected":false},"excerpt":{"rendered":"<p>\u0130leti\u015fim \ud83d\udcccYedi Mavi Kennedy Cad. G:167 Zeytinburnu, \u0130stanbul \ud83d\udcccYedi Mavi Kennedy Cad. G:167 Zeytinburnu, \u0130stanbul TAH\u0130R KO\u00c7 BARBER SHOPH\u0130ZMETLERHAKKIMIZDAGALER\u0130REZERVASYON\u0130LET\u0130\u015e\u0130M<\/p>\n","protected":false},"author":1,"featured_media":0,"parent":0,"menu_order":0,"comment_status":"closed","ping_status":"closed","template":"","meta":{"_et_pb_use_builder":"on","_et_pb_old_content":"","_et_gb_content_width":"","footnotes":""},"class_list":["post-160","page","type-page","status-publish","hentry"],"_links":{"self":[{"href":"https:\/\/tahirkoc.com.tr\/index.php\/wp-json\/wp\/v2\/pages\/160","targetHints":{"allow":["GET"]}}],"collection":[{"href":"https:\/\/tahirkoc.com.tr\/index.php\/wp-json\/wp\/v2\/pages"}],"about":[{"href":"https:\/\/tahirkoc.com.tr\/index.php\/wp-json\/wp\/v2\/types\/page"}],"author":[{"embeddable":true,"href":"https:\/\/tahirkoc.com.tr\/index.php\/wp-json\/wp\/v2\/users\/1"}],"replies":[{"embeddable":true,"href":"https:\/\/tahirkoc.com.tr\/index.php\/wp-json\/wp\/v2\/comments?post=160"}],"version-history":[{"count":6,"href":"https:\/\/tahirkoc.com.tr\/index.php\/wp-json\/wp\/v2\/pages\/160\/revisions"}],"predecessor-version":[{"id":172,"href":"https:\/\/tahirkoc.com.tr\/index.php\/wp-json\/wp\/v2\/pages\/160\/revisions\/172"}],"wp:attachment":[{"href":"https:\/\/tahirkoc.com.tr\/index.php\/wp-json\/wp\/v2\/media?parent=160"}],"curies":[{"name":"wp","href":"https:\/\/api.w.org\/{rel}","templated":true}]}}