{"id":30,"date":"2024-08-08T17:59:39","date_gmt":"2024-08-08T17:59:39","guid":{"rendered":"https:\/\/tahirkoc.com.tr\/?page_id=30"},"modified":"2024-08-13T10:12:17","modified_gmt":"2024-08-13T10:12:17","slug":"anasayfa","status":"publish","type":"page","link":"https:\/\/tahirkoc.com.tr\/","title":{"rendered":"Anasayfa"},"content":{"rendered":"<p>[et_pb_section fb_built=&#8221;1&#8243; custom_padding_last_edited=&#8221;on|tablet&#8221; admin_label=&#8221;Header&#8221; _builder_version=&#8221;4.27.0&#8243; _module_preset=&#8221;default&#8221; use_background_color_gradient=&#8221;on&#8221; background_color_gradient_stops=&#8221;rgba(42,42,42,0.5) 0%|rgba(42,42,42,0.5) 100%&#8221; background_color_gradient_overlays_image=&#8221;on&#8221; background_image=&#8221;https:\/\/tahirkoc.com.tr\/wp-content\/uploads\/2024\/08\/home-landing1.png&#8221; custom_padding=&#8221;8vw||10vw||false|false&#8221; custom_padding_tablet=&#8221;||||false|false&#8221; custom_padding_phone=&#8221;||||false|false&#8221; locked=&#8221;off&#8221; collapsed=&#8221;on&#8221; global_colors_info=&#8221;{}&#8221;][et_pb_row column_structure=&#8221;1_3,1_3,1_3&#8243; _builder_version=&#8221;4.21.0&#8243; _module_preset=&#8221;default&#8221; locked=&#8221;off&#8221; global_colors_info=&#8221;{}&#8221;][et_pb_column type=&#8221;1_3&#8243; _builder_version=&#8221;4.21.0&#8243; _module_preset=&#8221;default&#8221; custom_padding=&#8221;0px||||false|false&#8221; global_colors_info=&#8221;{}&#8221;][et_pb_divider color=&#8221;gcid-270b494a-7797-4179-a3cb-58e2ea5a2b33&#8243; divider_style=&#8221;dashed&#8221; divider_position=&#8221;center&#8221; _builder_version=&#8221;4.21.0&#8243; _module_preset=&#8221;default&#8221; custom_margin=&#8221;||0px||false|false&#8221; custom_margin_tablet=&#8221;5px||||false|false&#8221; custom_margin_phone=&#8221;0px||||false|false&#8221; custom_margin_last_edited=&#8221;off|desktop&#8221; custom_padding=&#8221;||||false|false&#8221; locked=&#8221;off&#8221; global_colors_info=&#8221;{%22gcid-270b494a-7797-4179-a3cb-58e2ea5a2b33%22:%91%22color%22,%22color%22%93}&#8221;][\/et_pb_divider][\/et_pb_column][et_pb_column type=&#8221;1_3&#8243; _builder_version=&#8221;4.21.0&#8243; _module_preset=&#8221;default&#8221; global_colors_info=&#8221;{}&#8221;][et_pb_image src=&#8221;https:\/\/tahirkoc.com.tr\/wp-content\/uploads\/2024\/08\/barber-10.png&#8221; title_text=&#8221;barber-10&#8243; align=&#8221;center&#8221; _builder_version=&#8221;4.21.0&#8243; _module_preset=&#8221;default&#8221; max_height=&#8221;80px&#8221; custom_margin=&#8221;-30px||||false|false&#8221; custom_margin_tablet=&#8221;0px||||false|false&#8221; custom_margin_phone=&#8221;0px||||false|false&#8221; custom_margin_last_edited=&#8221;on|tablet&#8221; global_colors_info=&#8221;{}&#8221;][\/et_pb_image][\/et_pb_column][et_pb_column type=&#8221;1_3&#8243; _builder_version=&#8221;4.21.0&#8243; _module_preset=&#8221;default&#8221; global_colors_info=&#8221;{}&#8221;][et_pb_divider color=&#8221;gcid-270b494a-7797-4179-a3cb-58e2ea5a2b33&#8243; divider_style=&#8221;dashed&#8221; divider_position=&#8221;center&#8221; _builder_version=&#8221;4.21.0&#8243; _module_preset=&#8221;default&#8221; custom_margin=&#8221;||0px||false|false&#8221; custom_margin_tablet=&#8221;5px||||false|false&#8221; custom_margin_phone=&#8221;0px||||false|false&#8221; custom_margin_last_edited=&#8221;off|desktop&#8221; custom_padding=&#8221;||||false|false&#8221; locked=&#8221;off&#8221; global_colors_info=&#8221;{%22gcid-270b494a-7797-4179-a3cb-58e2ea5a2b33%22:%91%22color%22,%22color%22%93}&#8221;][\/et_pb_divider][\/et_pb_column][\/et_pb_row][et_pb_row _builder_version=&#8221;4.21.0&#8243; _module_preset=&#8221;default&#8221; global_colors_info=&#8221;{}&#8221;][et_pb_column type=&#8221;4_4&#8243; _builder_version=&#8221;4.21.0&#8243; _module_preset=&#8221;default&#8221; global_colors_info=&#8221;{}&#8221;][et_pb_text _builder_version=&#8221;4.21.0&#8243; _module_preset=&#8221;5111d560-5a16-4773-9272-614e7bd44547&#8243; header_3_text_color=&#8221;#FFFFFF&#8221; text_orientation=&#8221;center&#8221; custom_margin=&#8221;||10px||false|false&#8221; global_colors_info=&#8221;{}&#8221;]<\/p>\n<h3>SALONUMUZ H\u0130ZMETE A\u00c7ILMI\u015eTIR.<\/h3>\n<p>&nbsp;<\/p>\n<p>[\/et_pb_text][et_pb_text _builder_version=&#8221;4.21.0&#8243; _module_preset=&#8221;cc16ed1a-7f37-4d7b-8e1d-201aaa0acf40&#8243; header_text_color=&#8221;#FFFFFF&#8221; text_orientation=&#8221;center&#8221; global_colors_info=&#8221;{}&#8221;]<\/p>\n<h1>TAH\u0130R KO\u00c7 BARBER SHOP<\/h1>\n<p>[\/et_pb_text][et_pb_button button_text=&#8221;REZERVASYON OLU\u015eTUR&#8221; button_alignment=&#8221;center&#8221; _builder_version=&#8221;4.27.0&#8243; _module_preset=&#8221;4aaaa03f-f35e-400f-86d8-968bc5a2f8d5&#8243; hover_enabled=&#8221;0&#8243; global_colors_info=&#8221;{}&#8221; button_url=&#8221;https:\/\/wa.me\/905326226098&#8243; url_new_window=&#8221;on&#8221; sticky_enabled=&#8221;0&#8243;][\/et_pb_button][\/et_pb_column][\/et_pb_row][et_pb_row _builder_version=&#8221;4.21.0&#8243; _module_preset=&#8221;default&#8221; positioning=&#8221;absolute&#8221; position_origin_a=&#8221;bottom_left&#8221; width=&#8221;100%&#8221; max_width=&#8221;none&#8221; custom_padding=&#8221;0px||0px||true|false&#8221; global_colors_info=&#8221;{}&#8221;][et_pb_column type=&#8221;4_4&#8243; _builder_version=&#8221;4.21.0&#8243; _module_preset=&#8221;default&#8221; global_colors_info=&#8221;{}&#8221;][et_pb_divider show_divider=&#8221;off&#8221; _builder_version=&#8221;4.21.0&#8243; _module_preset=&#8221;default&#8221; use_background_color_gradient=&#8221;on&#8221; background_color_gradient_repeat=&#8221;on&#8221; background_color_gradient_direction=&#8221;90deg&#8221; background_color_gradient_stops=&#8221;gcid-4c119920-fe37-4b7d-b1e0-a1ec608cdcd7 2px|gcid-4c119920-fe37-4b7d-b1e0-a1ec608cdcd7 4px|rgba(255, 255, 255, 0) 4px|rgba(255,255,255,0) 6px&#8221; background_color_gradient_unit=&#8221;px&#8221; width=&#8221;100%&#8221; height=&#8221;50px&#8221; locked=&#8221;off&#8221; global_colors_info=&#8221;{%22gcid-4c119920-fe37-4b7d-b1e0-a1ec608cdcd7%22:%91%22background_color_gradient_stops%22%93,%22gcid-b68ebd6f-34e1-4b59-8333-c911897a4e8d%22:%91%22background_color_gradient_stops%22%93}&#8221;][\/et_pb_divider][\/et_pb_column][\/et_pb_row][\/et_pb_section][et_pb_section fb_built=&#8221;1&#8243; admin_label=&#8221;Services&#8221; _builder_version=&#8221;4.21.0&#8243; _module_preset=&#8221;default&#8221; background_color=&#8221;gcid-4c119920-fe37-4b7d-b1e0-a1ec608cdcd7&#8243; collapsed=&#8221;on&#8221; global_colors_info=&#8221;{%22gcid-4c119920-fe37-4b7d-b1e0-a1ec608cdcd7%22:%91%22background_color%22%93}&#8221;][et_pb_row column_structure=&#8221;1_4,3_4&#8243; _builder_version=&#8221;4.21.0&#8243; _module_preset=&#8221;default&#8221; locked=&#8221;off&#8221; global_colors_info=&#8221;{}&#8221;][et_pb_column type=&#8221;1_4&#8243; _builder_version=&#8221;4.21.0&#8243; _module_preset=&#8221;default&#8221; global_colors_info=&#8221;{}&#8221;][et_pb_text _builder_version=&#8221;4.27.0&#8243; _module_preset=&#8221;07c1b6a4-8f25-4ea1-bae4-eb30edccd599&#8243; header_2_text_color=&#8221;#FFFFFF&#8221; background_color=&#8221;#131314&#8243; position_origin_a=&#8221;top_center&#8221; z_index=&#8221;10&#8243; max_width=&#8221;700px&#8221; module_alignment=&#8221;center&#8221; custom_margin=&#8221;-20px||||false|false&#8221; custom_margin_tablet=&#8221;0px||||false|false&#8221; custom_margin_phone=&#8221;0px||||false|false&#8221; custom_margin_last_edited=&#8221;on|tablet&#8221; locked=&#8221;off&#8221; global_colors_info=&#8221;{}&#8221;]<\/p>\n<h2>hizmetler<\/h2>\n<p>[\/et_pb_text][\/et_pb_column][et_pb_column type=&#8221;3_4&#8243; _builder_version=&#8221;4.21.0&#8243; _module_preset=&#8221;default&#8221; global_colors_info=&#8221;{}&#8221;][et_pb_divider color=&#8221;gcid-270b494a-7797-4179-a3cb-58e2ea5a2b33&#8243; divider_style=&#8221;dashed&#8221; divider_position=&#8221;center&#8221; _builder_version=&#8221;4.21.0&#8243; _module_preset=&#8221;default&#8221; custom_margin=&#8221;||0px||false|false&#8221; custom_padding=&#8221;||||false|false&#8221; locked=&#8221;off&#8221; global_colors_info=&#8221;{%22gcid-270b494a-7797-4179-a3cb-58e2ea5a2b33%22:%91%22color%22,%22color%22%93}&#8221;][\/et_pb_divider][\/et_pb_column][\/et_pb_row][et_pb_row column_structure=&#8221;1_2,1_2&#8243; custom_padding_last_edited=&#8221;on|desktop&#8221; _builder_version=&#8221;4.21.0&#8243; _module_preset=&#8221;default&#8221; custom_padding=&#8221;30px|30px|30px|30px|true|true&#8221; custom_padding_tablet=&#8221;30px|30px|30px|30px|true|true&#8221; custom_padding_phone=&#8221;20px|20px|20px|20px|true|true&#8221; border_width_all=&#8221;1px&#8221; border_color_all=&#8221;gcid-270b494a-7797-4179-a3cb-58e2ea5a2b33&#8243; locked=&#8221;off&#8221; global_colors_info=&#8221;{%22gcid-270b494a-7797-4179-a3cb-58e2ea5a2b33%22:%91%22border_color_all%22%93}&#8221;][et_pb_column type=&#8221;1_2&#8243; _builder_version=&#8221;4.21.0&#8243; _module_preset=&#8221;default&#8221; background_color=&#8221;RGBA(255,255,255,0)&#8221; global_colors_info=&#8221;{}&#8221;][et_pb_text _builder_version=&#8221;4.21.0&#8243; _module_preset=&#8221;5111d560-5a16-4773-9272-614e7bd44547&#8243; header_3_text_color=&#8221;#FFFFFF&#8221; custom_margin=&#8221;||0px||false|false&#8221; global_colors_info=&#8221;{}&#8221;]<\/p>\n<h3>sa\u00e7 kesimi<\/h3>\n<p>[\/et_pb_text][et_pb_text _builder_version=&#8221;4.21.0&#8243; _module_preset=&#8221;1ec6291b-1e72-410c-9974-e94797da2a33&#8243; text_text_color=&#8221;gcid-5a92b32a-7eb7-4cbf-bdc6-bfe5157d88a2&#8243; global_colors_info=&#8221;{%22gcid-5a92b32a-7eb7-4cbf-bdc6-bfe5157d88a2%22:%91%22text_text_color%22%93}&#8221;][\/et_pb_text][et_pb_text _builder_version=&#8221;4.21.0&#8243; _module_preset=&#8221;5111d560-5a16-4773-9272-614e7bd44547&#8243; header_3_text_color=&#8221;#FFFFFF&#8221; custom_margin=&#8221;||0px||false|false&#8221; global_colors_info=&#8221;{}&#8221;]<\/p>\n<h3>sakal \u015fekil verme<\/h3>\n<p>[\/et_pb_text][et_pb_text _builder_version=&#8221;4.21.0&#8243; _module_preset=&#8221;1ec6291b-1e72-410c-9974-e94797da2a33&#8243; text_text_color=&#8221;gcid-5a92b32a-7eb7-4cbf-bdc6-bfe5157d88a2&#8243; global_colors_info=&#8221;{%22gcid-5a92b32a-7eb7-4cbf-bdc6-bfe5157d88a2%22:%91%22text_text_color%22%93}&#8221;][\/et_pb_text][et_pb_text _builder_version=&#8221;4.21.0&#8243; _module_preset=&#8221;5111d560-5a16-4773-9272-614e7bd44547&#8243; header_3_text_color=&#8221;#FFFFFF&#8221; custom_margin=&#8221;||0px||false|false&#8221; global_colors_info=&#8221;{}&#8221;]<\/p>\n<h3>sa\u00e7 y\u0131kama &#8211; f\u00f6n<\/h3>\n<p>[\/et_pb_text][et_pb_text _builder_version=&#8221;4.21.0&#8243; _module_preset=&#8221;1ec6291b-1e72-410c-9974-e94797da2a33&#8243; text_text_color=&#8221;gcid-5a92b32a-7eb7-4cbf-bdc6-bfe5157d88a2&#8243; global_colors_info=&#8221;{%22gcid-5a92b32a-7eb7-4cbf-bdc6-bfe5157d88a2%22:%91%22text_text_color%22%93}&#8221;][\/et_pb_text][et_pb_text _builder_version=&#8221;4.21.0&#8243; _module_preset=&#8221;5111d560-5a16-4773-9272-614e7bd44547&#8243; header_3_text_color=&#8221;#FFFFFF&#8221; custom_margin=&#8221;||0px||false|false&#8221; global_colors_info=&#8221;{}&#8221;]<\/p>\n<h3>sa\u00e7 a\u00e7ma<\/h3>\n<p>[\/et_pb_text][et_pb_text _builder_version=&#8221;4.21.0&#8243; _module_preset=&#8221;1ec6291b-1e72-410c-9974-e94797da2a33&#8243; text_text_color=&#8221;gcid-5a92b32a-7eb7-4cbf-bdc6-bfe5157d88a2&#8243; global_colors_info=&#8221;{%22gcid-5a92b32a-7eb7-4cbf-bdc6-bfe5157d88a2%22:%91%22text_text_color%22%93}&#8221;][\/et_pb_text][et_pb_text _builder_version=&#8221;4.21.0&#8243; _module_preset=&#8221;5111d560-5a16-4773-9272-614e7bd44547&#8243; header_3_text_color=&#8221;#FFFFFF&#8221; custom_margin=&#8221;||0px||false|false&#8221; global_colors_info=&#8221;{}&#8221;]<\/p>\n<h3>sakal cilas\u0131<\/h3>\n<p>[\/et_pb_text][et_pb_text _builder_version=&#8221;4.27.0&#8243; _module_preset=&#8221;1ec6291b-1e72-410c-9974-e94797da2a33&#8243; text_text_color=&#8221;gcid-5a92b32a-7eb7-4cbf-bdc6-bfe5157d88a2&#8243; global_colors_info=&#8221;{%22gcid-5a92b32a-7eb7-4cbf-bdc6-bfe5157d88a2%22:%91%22text_text_color%22%93}&#8221;][\/et_pb_text][et_pb_text _builder_version=&#8221;4.21.0&#8243; _module_preset=&#8221;5111d560-5a16-4773-9272-614e7bd44547&#8243; header_3_text_color=&#8221;#FFFFFF&#8221; custom_margin=&#8221;||0px||false|false&#8221; global_colors_info=&#8221;{}&#8221;]<\/p>\n<h3>manik\u00fcr<\/h3>\n<p>[\/et_pb_text][et_pb_text _builder_version=&#8221;4.21.0&#8243; _module_preset=&#8221;1ec6291b-1e72-410c-9974-e94797da2a33&#8243; text_text_color=&#8221;gcid-5a92b32a-7eb7-4cbf-bdc6-bfe5157d88a2&#8243; global_colors_info=&#8221;{%22gcid-5a92b32a-7eb7-4cbf-bdc6-bfe5157d88a2%22:%91%22text_text_color%22%93}&#8221;][\/et_pb_text][et_pb_text _builder_version=&#8221;4.27.0&#8243; _module_preset=&#8221;5111d560-5a16-4773-9272-614e7bd44547&#8243; header_3_text_color=&#8221;#FFFFFF&#8221; custom_margin=&#8221;||0px||false|false&#8221; global_colors_info=&#8221;{}&#8221;]<\/p>\n<h3>\u00e7ocuk sa\u00e7 kesimi<\/h3>\n<p>[\/et_pb_text][et_pb_text _builder_version=&#8221;4.21.0&#8243; _module_preset=&#8221;1ec6291b-1e72-410c-9974-e94797da2a33&#8243; text_text_color=&#8221;gcid-5a92b32a-7eb7-4cbf-bdc6-bfe5157d88a2&#8243; global_colors_info=&#8221;{%22gcid-5a92b32a-7eb7-4cbf-bdc6-bfe5157d88a2%22:%91%22text_text_color%22%93}&#8221;][\/et_pb_text][\/et_pb_column][et_pb_column type=&#8221;1_2&#8243; _builder_version=&#8221;4.21.0&#8243; _module_preset=&#8221;default&#8221; background_color=&#8221;RGBA(255,255,255,0)&#8221; global_colors_info=&#8221;{}&#8221;][et_pb_text _builder_version=&#8221;4.21.0&#8243; _module_preset=&#8221;5111d560-5a16-4773-9272-614e7bd44547&#8243; header_3_text_color=&#8221;#FFFFFF&#8221; custom_margin=&#8221;||0px||false|false&#8221; global_colors_info=&#8221;{}&#8221;]<\/p>\n<h3>modern sa\u00e7 kesimi<\/h3>\n<p>[\/et_pb_text][et_pb_text _builder_version=&#8221;4.21.0&#8243; _module_preset=&#8221;1ec6291b-1e72-410c-9974-e94797da2a33&#8243; text_text_color=&#8221;gcid-5a92b32a-7eb7-4cbf-bdc6-bfe5157d88a2&#8243; global_colors_info=&#8221;{%22gcid-5a92b32a-7eb7-4cbf-bdc6-bfe5157d88a2%22:%91%22text_text_color%22%93}&#8221;][\/et_pb_text][et_pb_text _builder_version=&#8221;4.21.0&#8243; _module_preset=&#8221;5111d560-5a16-4773-9272-614e7bd44547&#8243; header_3_text_color=&#8221;#FFFFFF&#8221; custom_margin=&#8221;||0px||false|false&#8221; global_colors_info=&#8221;{}&#8221;]<\/p>\n<h3>sa\u00e7 tarama<\/h3>\n<p>[\/et_pb_text][et_pb_text _builder_version=&#8221;4.21.0&#8243; _module_preset=&#8221;1ec6291b-1e72-410c-9974-e94797da2a33&#8243; text_text_color=&#8221;gcid-5a92b32a-7eb7-4cbf-bdc6-bfe5157d88a2&#8243; global_colors_info=&#8221;{%22gcid-5a92b32a-7eb7-4cbf-bdc6-bfe5157d88a2%22:%91%22text_text_color%22%93}&#8221;][\/et_pb_text][et_pb_text _builder_version=&#8221;4.21.0&#8243; _module_preset=&#8221;5111d560-5a16-4773-9272-614e7bd44547&#8243; header_3_text_color=&#8221;#FFFFFF&#8221; custom_margin=&#8221;||0px||false|false&#8221; global_colors_info=&#8221;{}&#8221;]<\/p>\n<h3>r\u00f6fle<\/h3>\n<p>[\/et_pb_text][et_pb_text _builder_version=&#8221;4.21.0&#8243; _module_preset=&#8221;1ec6291b-1e72-410c-9974-e94797da2a33&#8243; text_text_color=&#8221;gcid-5a92b32a-7eb7-4cbf-bdc6-bfe5157d88a2&#8243; global_colors_info=&#8221;{%22gcid-5a92b32a-7eb7-4cbf-bdc6-bfe5157d88a2%22:%91%22text_text_color%22%93}&#8221;][\/et_pb_text][et_pb_text _builder_version=&#8221;4.21.0&#8243; _module_preset=&#8221;5111d560-5a16-4773-9272-614e7bd44547&#8243; header_3_text_color=&#8221;#FFFFFF&#8221; custom_margin=&#8221;||0px||false|false&#8221; global_colors_info=&#8221;{}&#8221;]<\/p>\n<h3>sa\u00e7 boyama<\/h3>\n<p>[\/et_pb_text][et_pb_text _builder_version=&#8221;4.21.0&#8243; _module_preset=&#8221;1ec6291b-1e72-410c-9974-e94797da2a33&#8243; text_text_color=&#8221;gcid-5a92b32a-7eb7-4cbf-bdc6-bfe5157d88a2&#8243; global_colors_info=&#8221;{%22gcid-5a92b32a-7eb7-4cbf-bdc6-bfe5157d88a2%22:%91%22text_text_color%22%93}&#8221;][\/et_pb_text][et_pb_text _builder_version=&#8221;4.21.0&#8243; _module_preset=&#8221;5111d560-5a16-4773-9272-614e7bd44547&#8243; header_3_text_color=&#8221;#FFFFFF&#8221; custom_margin=&#8221;||0px||false|false&#8221; global_colors_info=&#8221;{}&#8221;]<\/p>\n<h3>sakal boyama<\/h3>\n<p>[\/et_pb_text][et_pb_text _builder_version=&#8221;4.21.0&#8243; _module_preset=&#8221;1ec6291b-1e72-410c-9974-e94797da2a33&#8243; text_text_color=&#8221;gcid-5a92b32a-7eb7-4cbf-bdc6-bfe5157d88a2&#8243; global_colors_info=&#8221;{%22gcid-5a92b32a-7eb7-4cbf-bdc6-bfe5157d88a2%22:%91%22text_text_color%22%93}&#8221;][\/et_pb_text][et_pb_text _builder_version=&#8221;4.21.0&#8243; _module_preset=&#8221;5111d560-5a16-4773-9272-614e7bd44547&#8243; header_3_text_color=&#8221;#FFFFFF&#8221; custom_margin=&#8221;||0px||false|false&#8221; global_colors_info=&#8221;{}&#8221;]<\/p>\n<h3>pedik\u00fcr<\/h3>\n<p>[\/et_pb_text][et_pb_text _builder_version=&#8221;4.21.0&#8243; _module_preset=&#8221;1ec6291b-1e72-410c-9974-e94797da2a33&#8243; text_text_color=&#8221;gcid-5a92b32a-7eb7-4cbf-bdc6-bfe5157d88a2&#8243; global_colors_info=&#8221;{%22gcid-5a92b32a-7eb7-4cbf-bdc6-bfe5157d88a2%22:%91%22text_text_color%22%93}&#8221;][\/et_pb_text][et_pb_text _builder_version=&#8221;4.21.0&#8243; _module_preset=&#8221;5111d560-5a16-4773-9272-614e7bd44547&#8243; header_3_text_color=&#8221;#FFFFFF&#8221; custom_margin=&#8221;||0px||false|false&#8221; global_colors_info=&#8221;{}&#8221;]<\/p>\n<h3>cilt bak\u0131m\u0131<\/h3>\n<p>[\/et_pb_text][et_pb_text _builder_version=&#8221;4.21.0&#8243; _module_preset=&#8221;1ec6291b-1e72-410c-9974-e94797da2a33&#8243; text_text_color=&#8221;gcid-5a92b32a-7eb7-4cbf-bdc6-bfe5157d88a2&#8243; global_colors_info=&#8221;{%22gcid-5a92b32a-7eb7-4cbf-bdc6-bfe5157d88a2%22:%91%22text_text_color%22%93}&#8221;][\/et_pb_text][\/et_pb_column][\/et_pb_row][\/et_pb_section][et_pb_section fb_built=&#8221;1&#8243; admin_label=&#8221;Footer&#8221; _builder_version=&#8221;4.21.0&#8243; _module_preset=&#8221;default&#8221; background_color=&#8221;gcid-f173c7a3-9e00-4e82-b195-d41f2add7ec5&#8243; saved_tabs=&#8221;all&#8221; collapsed=&#8221;on&#8221; global_colors_info=&#8221;{%22gcid-f173c7a3-9e00-4e82-b195-d41f2add7ec5%22:%91%22background_color%22%93}&#8221;][et_pb_row column_structure=&#8221;3_5,2_5&#8243; make_equal=&#8221;on&#8221; admin_label=&#8221;Sat\u0131r&#8221; _builder_version=&#8221;4.21.0&#8243; _module_preset=&#8221;default&#8221; global_colors_info=&#8221;{}&#8221;][et_pb_column type=&#8221;3_5&#8243; _builder_version=&#8221;4.21.0&#8243; _module_preset=&#8221;default&#8221; custom_padding=&#8221;5vw||5vw||true|false&#8221; custom_padding_tablet=&#8221;0vw||0vw||true|false&#8221; custom_padding_phone=&#8221;&#8221; custom_padding_last_edited=&#8221;on|tablet&#8221; global_colors_info=&#8221;{}&#8221;][et_pb_text _builder_version=&#8221;4.27.0&#8243; _module_preset=&#8221;07c1b6a4-8f25-4ea1-bae4-eb30edccd599&#8243; header_2_text_color=&#8221;gcid-270b494a-7797-4179-a3cb-58e2ea5a2b33&#8243; global_colors_info=&#8221;{%22gcid-270b494a-7797-4179-a3cb-58e2ea5a2b33%22:%91%22header_2_text_color%22%93}&#8221;]<\/p>\n<h2>TAH\u0130R KO\u00c7 BARBER SHOP<\/h2>\n<p>[\/et_pb_text][et_pb_text _builder_version=&#8221;4.27.0&#8243; _module_preset=&#8221;07c1b6a4-8f25-4ea1-bae4-eb30edccd599&#8243; link_text_color=&#8221;#FFFFFF&#8221; header_2_text_color=&#8221;#FFFFFF&#8221; custom_margin=&#8221;||0px||false|false&#8221; link_option_url=&#8221;https:\/\/tahirkoc.com.tr\/index.php\/hizmetler\/&#8221; global_colors_info=&#8221;{%22gcid-270b494a-7797-4179-a3cb-58e2ea5a2b33%22:%91%22link_text_color__hover%22%93}&#8221; link_text_color__hover_enabled=&#8221;on|hover&#8221; link_text_color__hover=&#8221;#cea46f&#8221;]<\/p>\n<h2>H\u0130ZMETLER<\/h2>\n<p>[\/et_pb_text][et_pb_text _builder_version=&#8221;4.27.0&#8243; _module_preset=&#8221;07c1b6a4-8f25-4ea1-bae4-eb30edccd599&#8243; link_text_color=&#8221;#FFFFFF&#8221; header_2_text_color=&#8221;#FFFFFF&#8221; custom_margin=&#8221;||0px||false|false&#8221; link_option_url=&#8221;https:\/\/tahirkoc.com.tr\/index.php\/hakkimizda\/&#8221; global_colors_info=&#8221;{%22gcid-270b494a-7797-4179-a3cb-58e2ea5a2b33%22:%91%22link_text_color__hover%22%93}&#8221; link_text_color__hover=&#8221;#cea46f&#8221; link_text_color__hover_enabled=&#8221;on|hover&#8221;]<\/p>\n<h2>HAKKIMIZDA<\/h2>\n<p>[\/et_pb_text][et_pb_text _builder_version=&#8221;4.27.0&#8243; _module_preset=&#8221;07c1b6a4-8f25-4ea1-bae4-eb30edccd599&#8243; link_text_color=&#8221;#FFFFFF&#8221; header_2_text_color=&#8221;#FFFFFF&#8221; custom_margin=&#8221;||0px||false|false&#8221; link_option_url=&#8221;https:\/\/tahirkoc.com.tr\/index.php\/galeri\/&#8221; global_colors_info=&#8221;{%22gcid-270b494a-7797-4179-a3cb-58e2ea5a2b33%22:%91%22link_text_color__hover%22%93}&#8221; link_text_color__hover=&#8221;#cea46f&#8221; link_text_color__hover_enabled=&#8221;on|hover&#8221;]<\/p>\n<h2>GALER\u0130<\/h2>\n<p>[\/et_pb_text][et_pb_text _builder_version=&#8221;4.27.0&#8243; _module_preset=&#8221;07c1b6a4-8f25-4ea1-bae4-eb30edccd599&#8243; link_text_color=&#8221;#FFFFFF&#8221; header_2_text_color=&#8221;#FFFFFF&#8221; custom_margin=&#8221;||0px||false|false&#8221; link_option_url=&#8221;https:\/\/wa.me\/905326226098&#8243; link_option_url_new_window=&#8221;on&#8221; global_colors_info=&#8221;{%22gcid-270b494a-7797-4179-a3cb-58e2ea5a2b33%22:%91%22link_text_color__hover%22%93}&#8221; link_text_color__hover=&#8221;#cea46f&#8221; link_text_color__hover_enabled=&#8221;on|hover&#8221;]<\/p>\n<h2>REZERVASYON<\/h2>\n<p>[\/et_pb_text][et_pb_text _builder_version=&#8221;4.27.0&#8243; _module_preset=&#8221;07c1b6a4-8f25-4ea1-bae4-eb30edccd599&#8243; link_text_color=&#8221;#FFFFFF&#8221; header_2_text_color=&#8221;#FFFFFF&#8221; link_option_url=&#8221;https:\/\/tahirkoc.com.tr\/index.php\/iletisim\/&#8221; global_colors_info=&#8221;{%22gcid-270b494a-7797-4179-a3cb-58e2ea5a2b33%22:%91%22link_text_color__hover%22%93}&#8221; link_text_color__hover=&#8221;#cea46f&#8221; link_text_color__hover_enabled=&#8221;on|hover&#8221;]<\/p>\n<h2>\u0130LET\u0130\u015e\u0130M<\/h2>\n<p>[\/et_pb_text][et_pb_text _builder_version=&#8221;4.21.0&#8243; _module_preset=&#8221;8f5e1ce5-f864-44e3-8829-e5a0b9d0229c&#8221; text_text_color=&#8221;gcid-5a92b32a-7eb7-4cbf-bdc6-bfe5157d88a2&#8243; custom_margin=&#8221;||0px||false|false&#8221; global_colors_info=&#8221;{%22gcid-5a92b32a-7eb7-4cbf-bdc6-bfe5157d88a2%22:%91%22text_text_color%22%93}&#8221;][\/et_pb_text][et_pb_text _builder_version=&#8221;4.27.0&#8243; _module_preset=&#8221;8f5e1ce5-f864-44e3-8829-e5a0b9d0229c&#8221; text_text_color=&#8221;gcid-5a92b32a-7eb7-4cbf-bdc6-bfe5157d88a2&#8243; custom_margin=&#8221;||0px||false|false&#8221; global_colors_info=&#8221;{%22gcid-5a92b32a-7eb7-4cbf-bdc6-bfe5157d88a2%22:%91%22text_text_color%22%93}&#8221;][\/et_pb_text][et_pb_text _builder_version=&#8221;4.27.0&#8243; _module_preset=&#8221;8f5e1ce5-f864-44e3-8829-e5a0b9d0229c&#8221; text_text_color=&#8221;gcid-5a92b32a-7eb7-4cbf-bdc6-bfe5157d88a2&#8243; global_colors_info=&#8221;{%22gcid-5a92b32a-7eb7-4cbf-bdc6-bfe5157d88a2%22:%91%22text_text_color%22%93}&#8221;][\/et_pb_text][et_pb_social_media_follow icon_color=&#8221;gcid-270b494a-7797-4179-a3cb-58e2ea5a2b33&#8243; _builder_version=&#8221;4.27.0&#8243; _module_preset=&#8221;default&#8221; border_radii=&#8221;on|100px|100px|100px|100px&#8221; border_width_all=&#8221;1px&#8221; border_color_all=&#8221;gcid-270b494a-7797-4179-a3cb-58e2ea5a2b33&#8243; global_colors_info=&#8221;{%22gcid-270b494a-7797-4179-a3cb-58e2ea5a2b33%22:%91%22border_color_all%22,%22icon_color%22%93}&#8221;][et_pb_social_media_follow_network social_network=&#8221;instagram&#8221; url=&#8221;https:\/\/www.instagram.com\/tahirkoc_\/&#8221; _builder_version=&#8221;4.27.0&#8243; _module_preset=&#8221;default&#8221; custom_padding=&#8221;4px|4px|4px|4px|true|true&#8221; global_colors_info=&#8221;{}&#8221; follow_button=&#8221;off&#8221; url_new_window=&#8221;on&#8221;]instagram[\/et_pb_social_media_follow_network][et_pb_social_media_follow_network social_network=&#8221;tiktok&#8221; url=&#8221;https:\/\/www.tiktok.com\/@tahir.koc.barber&#8221; _builder_version=&#8221;4.27.0&#8243; _module_preset=&#8221;default&#8221; background_color=&#8221;RGBA(255,255,255,0)&#8221; background_enable_color=&#8221;on&#8221; custom_padding=&#8221;4px|4px|4px|4px|true|true&#8221; global_colors_info=&#8221;{}&#8221; follow_button=&#8221;off&#8221; url_new_window=&#8221;on&#8221;]tiktok[\/et_pb_social_media_follow_network][\/et_pb_social_media_follow][\/et_pb_column][et_pb_column type=&#8221;2_5&#8243; _builder_version=&#8221;4.27.0&#8243; _module_preset=&#8221;default&#8221; background_image=&#8221;https:\/\/tahirkoc.com.tr\/wp-content\/uploads\/2024\/08\/WhatsApp-Image-2024-08-07-at-20.02.29-1.jpeg&#8221; global_colors_info=&#8221;{}&#8221;][et_pb_divider show_divider=&#8221;off&#8221; _builder_version=&#8221;4.21.0&#8243; _module_preset=&#8221;default&#8221; height_tablet=&#8221;64vw&#8221; height_phone=&#8221;64vw&#8221; height_last_edited=&#8221;on|desktop&#8221; locked=&#8221;off&#8221; global_colors_info=&#8221;{}&#8221;][\/et_pb_divider][\/et_pb_column][\/et_pb_row][\/et_pb_section]<\/p>\n","protected":false},"excerpt":{"rendered":"<p>SALONUMUZ H\u0130ZMETE A\u00c7ILMI\u015eTIR. &nbsp;TAH\u0130R KO\u00c7 BARBER SHOPhizmetlersa\u00e7 kesimisakal \u015fekil vermesa\u00e7 y\u0131kama &#8211; f\u00f6nsa\u00e7 a\u00e7masakal cilas\u0131manik\u00fcr\u00e7ocuk sa\u00e7 kesimimodern sa\u00e7 kesimisa\u00e7 taramar\u00f6flesa\u00e7 boyamasakal boyamapedik\u00fcrcilt bak\u0131m\u0131TAH\u0130R KO\u00c7 BARBER SHOPH\u0130ZMETLERHAKKIMIZDAGALER\u0130REZERVASYON\u0130LET\u0130\u015e\u0130M<\/p>\n","protected":false},"author":1,"featured_media":0,"parent":0,"menu_order":0,"comment_status":"closed","ping_status":"closed","template":"","meta":{"_et_pb_use_builder":"on","_et_pb_old_content":"","_et_gb_content_width":"","footnotes":""},"class_list":["post-30","page","type-page","status-publish","hentry"],"_links":{"self":[{"href":"https:\/\/tahirkoc.com.tr\/index.php\/wp-json\/wp\/v2\/pages\/30","targetHints":{"allow":["GET"]}}],"collection":[{"href":"https:\/\/tahirkoc.com.tr\/index.php\/wp-json\/wp\/v2\/pages"}],"about":[{"href":"https:\/\/tahirkoc.com.tr\/index.php\/wp-json\/wp\/v2\/types\/page"}],"author":[{"embeddable":true,"href":"https:\/\/tahirkoc.com.tr\/index.php\/wp-json\/wp\/v2\/users\/1"}],"replies":[{"embeddable":true,"href":"https:\/\/tahirkoc.com.tr\/index.php\/wp-json\/wp\/v2\/comments?post=30"}],"version-history":[{"count":17,"href":"https:\/\/tahirkoc.com.tr\/index.php\/wp-json\/wp\/v2\/pages\/30\/revisions"}],"predecessor-version":[{"id":168,"href":"https:\/\/tahirkoc.com.tr\/index.php\/wp-json\/wp\/v2\/pages\/30\/revisions\/168"}],"wp:attachment":[{"href":"https:\/\/tahirkoc.com.tr\/index.php\/wp-json\/wp\/v2\/media?parent=30"}],"curies":[{"name":"wp","href":"https:\/\/api.w.org\/{rel}","templated":true}]}}