{"id":53,"date":"2024-08-08T19:45:04","date_gmt":"2024-08-08T19:45:04","guid":{"rendered":"https:\/\/tahirkoc.com.tr\/?page_id=53"},"modified":"2024-08-13T09:54:01","modified_gmt":"2024-08-13T09:54:01","slug":"hakkimizda","status":"publish","type":"page","link":"https:\/\/tahirkoc.com.tr\/index.php\/hakkimizda\/","title":{"rendered":"Hakk\u0131m\u0131zda"},"content":{"rendered":"<p>[et_pb_section fb_built=&#8221;1&#8243; admin_label=&#8221;Header&#8221; _builder_version=&#8221;4.21.0&#8243; _module_preset=&#8221;default&#8221; background_color=&#8221;gcid-4c119920-fe37-4b7d-b1e0-a1ec608cdcd7&#8243; collapsed=&#8221;on&#8221; global_colors_info=&#8221;{%22gcid-4c119920-fe37-4b7d-b1e0-a1ec608cdcd7%22:%91%22background_color%22%93}&#8221;][et_pb_row column_structure=&#8221;1_4,1_2,1_4&#8243; _builder_version=&#8221;4.21.0&#8243; _module_preset=&#8221;default&#8221; locked=&#8221;off&#8221; global_colors_info=&#8221;{}&#8221;][et_pb_column type=&#8221;1_4&#8243; _builder_version=&#8221;4.21.0&#8243; _module_preset=&#8221;default&#8221; global_colors_info=&#8221;{}&#8221;][et_pb_divider color=&#8221;gcid-270b494a-7797-4179-a3cb-58e2ea5a2b33&#8243; divider_position=&#8221;center&#8221; _builder_version=&#8221;4.21.0&#8243; _module_preset=&#8221;default&#8221; custom_margin=&#8221;||0px||false|false&#8221; custom_margin_tablet=&#8221;5px||||false|false&#8221; custom_margin_phone=&#8221;0px||||false|false&#8221; custom_margin_last_edited=&#8221;off|desktop&#8221; custom_padding=&#8221;||||false|false&#8221; locked=&#8221;off&#8221; global_colors_info=&#8221;{%22gcid-270b494a-7797-4179-a3cb-58e2ea5a2b33%22:%91%22color%22,%22color%22,%22color%22,%22color%22,%22color%22,%22color%22,%22color%22,%22color%22,%22color%22%93}&#8221;][\/et_pb_divider][\/et_pb_column][et_pb_column type=&#8221;1_2&#8243; _builder_version=&#8221;4.21.0&#8243; _module_preset=&#8221;default&#8221; global_colors_info=&#8221;{}&#8221;][et_pb_text _builder_version=&#8221;4.21.0&#8243; _module_preset=&#8221;f1e5fa40-5958-4065-bc08-b34aad906143&#8243; header_text_color=&#8221;#FFFFFF&#8221; header_2_text_color=&#8221;#FFFFFF&#8221; background_color=&#8221;#131314&#8243; position_origin_a=&#8221;top_center&#8221; z_index=&#8221;10&#8243; text_orientation=&#8221;center&#8221; max_width=&#8221;700px&#8221; module_alignment=&#8221;center&#8221; custom_margin=&#8221;-20px||||false|false&#8221; custom_margin_tablet=&#8221;0px||||false|false&#8221; custom_margin_phone=&#8221;0px||||false|false&#8221; custom_margin_last_edited=&#8221;on|tablet&#8221; locked=&#8221;off&#8221; global_colors_info=&#8221;{}&#8221;]<\/p>\n<h1>HAKKIMIZDA<\/h1>\n<p>[\/et_pb_text][\/et_pb_column][et_pb_column type=&#8221;1_4&#8243; _builder_version=&#8221;4.21.0&#8243; _module_preset=&#8221;default&#8221; global_colors_info=&#8221;{}&#8221;][et_pb_divider color=&#8221;gcid-270b494a-7797-4179-a3cb-58e2ea5a2b33&#8243; divider_position=&#8221;center&#8221; _builder_version=&#8221;4.21.0&#8243; _module_preset=&#8221;default&#8221; custom_margin=&#8221;||0px||false|false&#8221; custom_padding=&#8221;||||false|false&#8221; locked=&#8221;off&#8221; global_colors_info=&#8221;{%22gcid-270b494a-7797-4179-a3cb-58e2ea5a2b33%22:%91%22color%22,%22color%22%93}&#8221;][\/et_pb_divider][\/et_pb_column][\/et_pb_row][et_pb_row _builder_version=&#8221;4.21.0&#8243; _module_preset=&#8221;default&#8221; global_colors_info=&#8221;{}&#8221;][et_pb_column type=&#8221;4_4&#8243; _builder_version=&#8221;4.21.0&#8243; _module_preset=&#8221;default&#8221; global_colors_info=&#8221;{}&#8221;][et_pb_video src=&#8221;https:\/\/youtu.be\/ZCEEzp7mB3k&#8221; image_src=&#8221;\/\/i.ytimg.com\/vi\/ZCEEzp7mB3k\/hqdefault.jpg&#8221; src_tablet=&#8221;https:\/\/youtu.be\/ZCEEzp7mB3k&#8221; src_phone=&#8221;https:\/\/youtu.be\/ZCEEzp7mB3k&#8221; src_last_edited=&#8221;on|desktop&#8221; _builder_version=&#8221;4.27.0&#8243; _module_preset=&#8221;default&#8221; global_colors_info=&#8221;{}&#8221;][\/et_pb_video][et_pb_text _builder_version=&#8221;4.21.0&#8243; _module_preset=&#8221;9bab8745-3069-4355-a54c-42b77101fb38&#8243; text_text_color=&#8221;gcid-5a92b32a-7eb7-4cbf-bdc6-bfe5157d88a2&#8243; text_orientation=&#8221;center&#8221; global_colors_info=&#8221;{%22gcid-5a92b32a-7eb7-4cbf-bdc6-bfe5157d88a2%22:%91%22text_text_color%22%93}&#8221;]<\/p>\n<p class=\"p1\"><b>Tahir Ko\u00e7 Barber Shop<\/b><\/p>\n<p class=\"p2\">\n<p class=\"p1\"><b>Hakk\u0131m\u0131zda<\/b><\/p>\n<p class=\"p2\">\n<p class=\"p1\">Tahir Ko\u00e7 Barber Shop olarak, m\u00fc\u015fteri memnuniyetini her zaman \u00f6n planda tutan, profesyonel ve deneyimli bir ekibiz. Berberlik ve g\u00fczellik hizmetlerimizle, siz de\u011ferli m\u00fc\u015fterilerimize en kaliteli ve titiz bak\u0131m\u0131 sunmaktan gurur duyuyoruz.<\/p>\n<p class=\"p2\">\n<p class=\"p1\">Sundu\u011fumuz hizmetler aras\u0131nda sa\u00e7 kesimi, modern sa\u00e7 kesimi, sakal \u015fekil verme, sa\u00e7 tarama, sa\u00e7 y\u0131kama ve f\u00f6n, r\u00f6fle, sa\u00e7 a\u00e7ma, sa\u00e7 boyama, sakal cilas\u0131 ve sakal boyama, manik\u00fcr, pedik\u00fcr ve cilt bak\u0131m\u0131 bulunmaktad\u0131r. Her biri alan\u0131nda uzman ekibimizle, ki\u015fisel bak\u0131m ve g\u00fczellik ihtiya\u00e7lar\u0131n\u0131z\u0131 kar\u015f\u0131lamak i\u00e7in buraday\u0131z.<\/p>\n<p class=\"p2\">\n<p class=\"p1\">Kaliteli hizmet sunma ilkemiz do\u011frultusunda, d\u00fcnyan\u0131n en sayg\u0131n markalar\u0131 olan Kerastase, SP, Men Wella, Davines ve L\u2019Or\u00e9al \u00fcr\u00fcnlerini kullan\u0131yoruz. Modern, temiz ve rahat ortam\u0131m\u0131zda, kendinizi \u00f6zel ve yenilenmi\u015f hissetmeniz i\u00e7in \u00e7al\u0131\u015f\u0131yoruz. Bize g\u00fcvenin ve fark\u0131 ya\u015fay\u0131n. Randevunuzu hemen al\u0131n ve profesyonel hizmetlerimizin tad\u0131n\u0131 \u00e7\u0131kar\u0131n.<\/p>\n<p>[\/et_pb_text][\/et_pb_column][\/et_pb_row][\/et_pb_section][et_pb_section fb_built=&#8221;1&#8243; admin_label=&#8221;About&#8221; _builder_version=&#8221;4.21.0&#8243; _module_preset=&#8221;default&#8221; background_color=&#8221;gcid-4c119920-fe37-4b7d-b1e0-a1ec608cdcd7&#8243; collapsed=&#8221;on&#8221; global_colors_info=&#8221;{%22gcid-4c119920-fe37-4b7d-b1e0-a1ec608cdcd7%22:%91%22background_color%22%93}&#8221;][et_pb_row column_structure=&#8221;1_2,1_2&#8243; make_equal=&#8221;on&#8221; _builder_version=&#8221;4.21.0&#8243; _module_preset=&#8221;default&#8221; global_colors_info=&#8221;{}&#8221;][et_pb_column type=&#8221;1_2&#8243; _builder_version=&#8221;4.27.0&#8243; _module_preset=&#8221;default&#8221; background_image=&#8221;https:\/\/tahirkoc.com.tr\/wp-content\/uploads\/2024\/08\/ef087a3b-c368-4c24-80c9-39e969824a8f.jpg&#8221; global_colors_info=&#8221;{}&#8221;][et_pb_divider show_divider=&#8221;off&#8221; _builder_version=&#8221;4.21.0&#8243; _module_preset=&#8221;default&#8221; height_tablet=&#8221;40vw&#8221; height_phone=&#8221;40vw&#8221; height_last_edited=&#8221;on|desktop&#8221; locked=&#8221;off&#8221; global_colors_info=&#8221;{}&#8221;][\/et_pb_divider][\/et_pb_column][et_pb_column type=&#8221;1_2&#8243; _builder_version=&#8221;4.27.0&#8243; _module_preset=&#8221;default&#8221; custom_padding=&#8221;4vw||4vw||true|false&#8221; custom_padding_tablet=&#8221;0vw||0vw||true|false&#8221; custom_padding_phone=&#8221;0vw||0vw||true|false&#8221; custom_padding_last_edited=&#8221;on|desktop&#8221; global_colors_info=&#8221;{}&#8221;][et_pb_text _builder_version=&#8221;4.21.0&#8243; _module_preset=&#8221;7d6d044b-e90b-479e-9951-31be5474b021&#8243; header_2_text_color=&#8221;#FFFFFF&#8221; custom_margin=&#8221;||10px||false|false&#8221; global_colors_info=&#8221;{}&#8221;]<\/p>\n<h2>Hikayemiz<\/h2>\n<p>[\/et_pb_text][et_pb_text _builder_version=&#8221;4.21.0&#8243; _module_preset=&#8221;9bab8745-3069-4355-a54c-42b77101fb38&#8243; text_text_color=&#8221;gcid-5a92b32a-7eb7-4cbf-bdc6-bfe5157d88a2&#8243; global_colors_info=&#8221;{%22gcid-5a92b32a-7eb7-4cbf-bdc6-bfe5157d88a2%22:%91%22text_text_color%22%93}&#8221;]<\/p>\n<p class=\"p1\">Tahir Ko\u00e7 Barber Shop\u2019un hikayesi, g\u00fczellik ve bak\u0131m sekt\u00f6r\u00fcne duydu\u011fumuz tutku ile ba\u015flad\u0131. Y\u0131llar \u00f6nce, herkesin kendini \u00f6zel ve g\u00fczel hissetmesini sa\u011flayacak bir yer hayal ettik. Bu hayalle, Yedi Mavi\u2019de profesyonel berberlik ve g\u00fczellik hizmetleri sunan salonumuzu kurduk.<\/p>\n<p class=\"p2\">\n<p class=\"p1\">Ba\u015flang\u0131\u00e7ta k\u00fc\u00e7\u00fck bir ekiple yola \u00e7\u0131kt\u0131k, ancak m\u00fc\u015fteri memnuniyetine verdi\u011fimiz \u00f6nem ve sundu\u011fumuz kaliteli hizmetler sayesinde h\u0131zla b\u00fcy\u00fcd\u00fck. Her ge\u00e7en g\u00fcn kendimizi geli\u015ftirdik, yenilikleri takip ettik ve hizmet yelpazemizi geni\u015flettik. Bug\u00fcn, sa\u00e7 kesimi, modern sa\u00e7 kesimi, sakal \u015fekil verme, sa\u00e7 tarama, sa\u00e7 y\u0131kama ve f\u00f6n, r\u00f6fle, sa\u00e7 a\u00e7ma, sa\u00e7 boyama, sakal cilas\u0131 ve sakal boyama, manik\u00fcr, pedik\u00fcr ve cilt bak\u0131m\u0131 gibi pek \u00e7ok hizmeti sunmaktan gurur duyuyoruz.<\/p>\n<p class=\"p2\">\n<p class=\"p1\">\u0130\u015fimizde en iyi olmay\u0131 hedeflerken, yaln\u0131zca yeteneklerimize de\u011fil, ayn\u0131 zamanda kulland\u0131\u011f\u0131m\u0131z \u00fcr\u00fcnlerin kalitesine de \u00f6nem verdik. M\u00fc\u015fterilerimizin sa\u011fl\u0131\u011f\u0131 ve memnuniyeti bizim i\u00e7in her zaman \u00f6ncelikli oldu. Y\u0131llar i\u00e7inde, yaln\u0131zca m\u00fc\u015fterilerimizin g\u00fczelli\u011fine de\u011fil, ayn\u0131 zamanda onlar\u0131n g\u00fcvenine de yat\u0131r\u0131m yapt\u0131k. Bizim i\u00e7in en b\u00fcy\u00fck \u00f6d\u00fcl, m\u00fc\u015fterilerimizin y\u00fcz\u00fcndeki g\u00fcl\u00fcmseme ve memnuniyet. Hikayemiz, sizinle birlikte b\u00fcy\u00fcyen ve geli\u015fen bir ba\u015far\u0131 hikayesi. Siz de bu hikayenin bir par\u00e7as\u0131 olun ve fark\u0131 ya\u015fay\u0131n.<\/p>\n<p>[\/et_pb_text][\/et_pb_column][\/et_pb_row][et_pb_row column_structure=&#8221;1_2,1_2&#8243; make_equal=&#8221;on&#8221; _builder_version=&#8221;4.27.0&#8243; _module_preset=&#8221;default&#8221; global_colors_info=&#8221;{}&#8221;][et_pb_column type=&#8221;1_2&#8243; admin_label=&#8221;Kolon&#8221; _builder_version=&#8221;4.21.0&#8243; _module_preset=&#8221;default&#8221; custom_padding=&#8221;4vw||4vw||true|false&#8221; custom_padding_tablet=&#8221;0vw||0vw||true|false&#8221; custom_padding_phone=&#8221;0vw||0vw||true|false&#8221; custom_padding_last_edited=&#8221;on|desktop&#8221; global_colors_info=&#8221;{}&#8221;][et_pb_text _builder_version=&#8221;4.21.0&#8243; _module_preset=&#8221;7d6d044b-e90b-479e-9951-31be5474b021&#8243; header_2_text_color=&#8221;#FFFFFF&#8221; custom_margin=&#8221;||10px||false|false&#8221; global_colors_info=&#8221;{}&#8221;]<\/p>\n<h2>misyonumuz<\/h2>\n<p>[\/et_pb_text][et_pb_text _builder_version=&#8221;4.21.0&#8243; _module_preset=&#8221;9bab8745-3069-4355-a54c-42b77101fb38&#8243; text_text_color=&#8221;gcid-5a92b32a-7eb7-4cbf-bdc6-bfe5157d88a2&#8243; global_colors_info=&#8221;{%22gcid-5a92b32a-7eb7-4cbf-bdc6-bfe5157d88a2%22:%91%22text_text_color%22%93}&#8221;]<\/p>\n<p class=\"p1\">Tahir Ko\u00e7 Barber Shop olarak misyonumuz, m\u00fc\u015fterilerimize en kaliteli ve profesyonel berberlik ve g\u00fczellik hizmetlerini sunmakt\u0131r. Kaliteli \u00fcr\u00fcnler ve yenilik\u00e7i teknikler kullanarak, her hizmetimizde m\u00fc\u015fterilerimizin memnuniyetini ve g\u00fcvenini kazanmay\u0131 ama\u00e7l\u0131yoruz. M\u00fc\u015fterilerimizin ihtiya\u00e7lar\u0131n\u0131 dinleyerek, onlar\u0131n beklentilerini a\u015fan hizmetler sunmak ve herkesin kendini \u00f6zel hissetmesini sa\u011flamak i\u00e7in buraday\u0131z.<\/p>\n<p>[\/et_pb_text][\/et_pb_column][et_pb_column type=&#8221;1_2&#8243; _builder_version=&#8221;4.27.0&#8243; _module_preset=&#8221;default&#8221; background_image=&#8221;https:\/\/tahirkoc.com.tr\/wp-content\/uploads\/2024\/08\/misyonumuz.webp&#8221; global_colors_info=&#8221;{}&#8221;][et_pb_divider show_divider=&#8221;off&#8221; _builder_version=&#8221;4.21.0&#8243; _module_preset=&#8221;default&#8221; height_tablet=&#8221;40vw&#8221; height_phone=&#8221;40vw&#8221; height_last_edited=&#8221;on|desktop&#8221; locked=&#8221;off&#8221; global_colors_info=&#8221;{}&#8221;][\/et_pb_divider][\/et_pb_column][\/et_pb_row][et_pb_row column_structure=&#8221;1_2,1_2&#8243; make_equal=&#8221;on&#8221; admin_label=&#8221;Sat\u0131r&#8221; _builder_version=&#8221;4.27.0&#8243; _module_preset=&#8221;default&#8221; global_colors_info=&#8221;{}&#8221;][et_pb_column type=&#8221;1_2&#8243; _builder_version=&#8221;4.27.0&#8243; _module_preset=&#8221;default&#8221; background_image=&#8221;https:\/\/tahirkoc.com.tr\/wp-content\/uploads\/2024\/08\/vizyonumuz.webp&#8221; global_colors_info=&#8221;{}&#8221;][et_pb_divider show_divider=&#8221;off&#8221; _builder_version=&#8221;4.21.0&#8243; _module_preset=&#8221;default&#8221; height_tablet=&#8221;40vw&#8221; height_phone=&#8221;40vw&#8221; height_last_edited=&#8221;on|desktop&#8221; locked=&#8221;off&#8221; global_colors_info=&#8221;{}&#8221;][\/et_pb_divider][\/et_pb_column][et_pb_column type=&#8221;1_2&#8243; _builder_version=&#8221;4.21.0&#8243; _module_preset=&#8221;default&#8221; custom_padding=&#8221;4vw||4vw||true|false&#8221; custom_padding_tablet=&#8221;0vw||0vw||true|false&#8221; custom_padding_phone=&#8221;0vw||0vw||true|false&#8221; custom_padding_last_edited=&#8221;on|desktop&#8221; global_colors_info=&#8221;{}&#8221;][et_pb_text _builder_version=&#8221;4.21.0&#8243; _module_preset=&#8221;7d6d044b-e90b-479e-9951-31be5474b021&#8243; header_2_text_color=&#8221;#FFFFFF&#8221; custom_margin=&#8221;||10px||false|false&#8221; global_colors_info=&#8221;{}&#8221;]<\/p>\n<h2>Vizyonumuz<\/h2>\n<p>[\/et_pb_text][et_pb_text _builder_version=&#8221;4.21.0&#8243; _module_preset=&#8221;9bab8745-3069-4355-a54c-42b77101fb38&#8243; text_text_color=&#8221;gcid-5a92b32a-7eb7-4cbf-bdc6-bfe5157d88a2&#8243; global_colors_info=&#8221;{%22gcid-5a92b32a-7eb7-4cbf-bdc6-bfe5157d88a2%22:%91%22text_text_color%22%93}&#8221;]<\/p>\n<p class=\"p1\">Vizyonumuz, Tahir Ko\u00e7 Barber Shop olarak, g\u00fczellik ve bak\u0131m sekt\u00f6r\u00fcnde lider ve yenilik\u00e7i bir marka olmakt\u0131r. M\u00fc\u015fteri memnuniyetini her zaman \u00f6n planda tutarak, hizmet kalitemizi s\u00fcrekli olarak geli\u015ftirmek ve sekt\u00f6rdeki en yeni trendleri ve teknolojileri takip etmek i\u00e7in \u00e7al\u0131\u015f\u0131yoruz. Amac\u0131m\u0131z, m\u00fc\u015fterilerimizin tercih etti\u011fi ve g\u00fcvendi\u011fi bir marka olarak, onlar\u0131n g\u00fczellik ve bak\u0131m ihtiya\u00e7lar\u0131n\u0131 kar\u015f\u0131lamakt\u0131r.<\/p>\n<p>[\/et_pb_text][\/et_pb_column][\/et_pb_row][\/et_pb_section][et_pb_section fb_built=&#8221;1&#8243; admin_label=&#8221;Footer&#8221; _builder_version=&#8221;4.21.0&#8243; _module_preset=&#8221;default&#8221; background_color=&#8221;gcid-f173c7a3-9e00-4e82-b195-d41f2add7ec5&#8243; saved_tabs=&#8221;all&#8221; collapsed=&#8221;on&#8221; global_colors_info=&#8221;{%22gcid-f173c7a3-9e00-4e82-b195-d41f2add7ec5%22:%91%22background_color%22%93}&#8221;][et_pb_row column_structure=&#8221;3_5,2_5&#8243; make_equal=&#8221;on&#8221; admin_label=&#8221;Sat\u0131r&#8221; _builder_version=&#8221;4.21.0&#8243; _module_preset=&#8221;default&#8221; global_colors_info=&#8221;{}&#8221; theme_builder_area=&#8221;post_content&#8221;][et_pb_column type=&#8221;3_5&#8243; _builder_version=&#8221;4.21.0&#8243; _module_preset=&#8221;default&#8221; custom_padding=&#8221;5vw||5vw||true|false&#8221; custom_padding_tablet=&#8221;0vw||0vw||true|false&#8221; custom_padding_phone=&#8221;&#8221; custom_padding_last_edited=&#8221;on|tablet&#8221; global_colors_info=&#8221;{}&#8221; theme_builder_area=&#8221;post_content&#8221;][et_pb_text _builder_version=&#8221;4.27.0&#8243; _module_preset=&#8221;07c1b6a4-8f25-4ea1-bae4-eb30edccd599&#8243; header_2_text_color=&#8221;gcid-270b494a-7797-4179-a3cb-58e2ea5a2b33&#8243; global_colors_info=&#8221;{%22gcid-270b494a-7797-4179-a3cb-58e2ea5a2b33%22:%91%22header_2_text_color%22%93}&#8221; theme_builder_area=&#8221;post_content&#8221;]<\/p>\n<h2>TAH\u0130R KO\u00c7 BARBER SHOP<\/h2>\n<p>[\/et_pb_text][et_pb_text _builder_version=&#8221;4.27.0&#8243; _module_preset=&#8221;07c1b6a4-8f25-4ea1-bae4-eb30edccd599&#8243; link_text_color=&#8221;#FFFFFF&#8221; header_2_text_color=&#8221;#FFFFFF&#8221; custom_margin=&#8221;||0px||false|false&#8221; link_option_url=&#8221;https:\/\/tahirkoc.com.tr\/index.php\/hizmetler\/&#8221; global_colors_info=&#8221;{%22gcid-270b494a-7797-4179-a3cb-58e2ea5a2b33%22:%91%22link_text_color__hover%22%93}&#8221; link_text_color__hover_enabled=&#8221;on|hover&#8221; link_text_color__hover=&#8221;#cea46f&#8221; theme_builder_area=&#8221;post_content&#8221;]<\/p>\n<h2>H\u0130ZMETLER<\/h2>\n<p>[\/et_pb_text][et_pb_text _builder_version=&#8221;4.27.0&#8243; _module_preset=&#8221;07c1b6a4-8f25-4ea1-bae4-eb30edccd599&#8243; link_text_color=&#8221;#FFFFFF&#8221; header_2_text_color=&#8221;#FFFFFF&#8221; custom_margin=&#8221;||0px||false|false&#8221; link_option_url=&#8221;https:\/\/tahirkoc.com.tr\/index.php\/hakkimizda\/&#8221; global_colors_info=&#8221;{%22gcid-270b494a-7797-4179-a3cb-58e2ea5a2b33%22:%91%22link_text_color__hover%22%93}&#8221; link_text_color__hover=&#8221;#cea46f&#8221; link_text_color__hover_enabled=&#8221;on|hover&#8221; theme_builder_area=&#8221;post_content&#8221;]<\/p>\n<h2>HAKKIMIZDA<\/h2>\n<p>[\/et_pb_text][et_pb_text _builder_version=&#8221;4.27.0&#8243; _module_preset=&#8221;07c1b6a4-8f25-4ea1-bae4-eb30edccd599&#8243; link_text_color=&#8221;#FFFFFF&#8221; header_2_text_color=&#8221;#FFFFFF&#8221; custom_margin=&#8221;||0px||false|false&#8221; link_option_url=&#8221;https:\/\/tahirkoc.com.tr\/index.php\/galeri\/&#8221; global_colors_info=&#8221;{%22gcid-270b494a-7797-4179-a3cb-58e2ea5a2b33%22:%91%22link_text_color__hover%22%93}&#8221; link_text_color__hover=&#8221;#cea46f&#8221; link_text_color__hover_enabled=&#8221;on|hover&#8221; theme_builder_area=&#8221;post_content&#8221;]<\/p>\n<h2>GALER\u0130<\/h2>\n<p>[\/et_pb_text][et_pb_text _builder_version=&#8221;4.27.0&#8243; _module_preset=&#8221;07c1b6a4-8f25-4ea1-bae4-eb30edccd599&#8243; link_text_color=&#8221;#FFFFFF&#8221; header_2_text_color=&#8221;#FFFFFF&#8221; custom_margin=&#8221;||0px||false|false&#8221; link_option_url=&#8221;https:\/\/wa.me\/905326226098&#8243; link_option_url_new_window=&#8221;on&#8221; global_colors_info=&#8221;{%22gcid-270b494a-7797-4179-a3cb-58e2ea5a2b33%22:%91%22link_text_color__hover%22%93}&#8221; link_text_color__hover=&#8221;#cea46f&#8221; link_text_color__hover_enabled=&#8221;on|hover&#8221; theme_builder_area=&#8221;post_content&#8221;]<\/p>\n<h2>REZERVASYON<\/h2>\n<p>[\/et_pb_text][et_pb_text _builder_version=&#8221;4.27.0&#8243; _module_preset=&#8221;07c1b6a4-8f25-4ea1-bae4-eb30edccd599&#8243; link_text_color=&#8221;#FFFFFF&#8221; header_2_text_color=&#8221;#FFFFFF&#8221; link_option_url=&#8221;https:\/\/tahirkoc.com.tr\/index.php\/iletisim\/&#8221; global_colors_info=&#8221;{%22gcid-270b494a-7797-4179-a3cb-58e2ea5a2b33%22:%91%22link_text_color__hover%22%93}&#8221; link_text_color__hover=&#8221;#cea46f&#8221; link_text_color__hover_enabled=&#8221;on|hover&#8221; theme_builder_area=&#8221;post_content&#8221;]<\/p>\n<h2>\u0130LET\u0130\u015e\u0130M<\/h2>\n<p>[\/et_pb_text][et_pb_text _builder_version=&#8221;4.21.0&#8243; _module_preset=&#8221;8f5e1ce5-f864-44e3-8829-e5a0b9d0229c&#8221; text_text_color=&#8221;gcid-5a92b32a-7eb7-4cbf-bdc6-bfe5157d88a2&#8243; custom_margin=&#8221;||0px||false|false&#8221; global_colors_info=&#8221;{%22gcid-5a92b32a-7eb7-4cbf-bdc6-bfe5157d88a2%22:%91%22text_text_color%22%93}&#8221; theme_builder_area=&#8221;post_content&#8221;][\/et_pb_text][et_pb_text _builder_version=&#8221;4.27.0&#8243; _module_preset=&#8221;8f5e1ce5-f864-44e3-8829-e5a0b9d0229c&#8221; text_text_color=&#8221;gcid-5a92b32a-7eb7-4cbf-bdc6-bfe5157d88a2&#8243; custom_margin=&#8221;||0px||false|false&#8221; global_colors_info=&#8221;{%22gcid-5a92b32a-7eb7-4cbf-bdc6-bfe5157d88a2%22:%91%22text_text_color%22%93}&#8221; theme_builder_area=&#8221;post_content&#8221;][\/et_pb_text][et_pb_text _builder_version=&#8221;4.27.0&#8243; _module_preset=&#8221;8f5e1ce5-f864-44e3-8829-e5a0b9d0229c&#8221; text_text_color=&#8221;gcid-5a92b32a-7eb7-4cbf-bdc6-bfe5157d88a2&#8243; global_colors_info=&#8221;{%22gcid-5a92b32a-7eb7-4cbf-bdc6-bfe5157d88a2%22:%91%22text_text_color%22%93}&#8221; theme_builder_area=&#8221;post_content&#8221;][\/et_pb_text][et_pb_social_media_follow icon_color=&#8221;gcid-270b494a-7797-4179-a3cb-58e2ea5a2b33&#8243; _builder_version=&#8221;4.27.0&#8243; _module_preset=&#8221;default&#8221; border_radii=&#8221;on|100px|100px|100px|100px&#8221; border_width_all=&#8221;1px&#8221; border_color_all=&#8221;gcid-270b494a-7797-4179-a3cb-58e2ea5a2b33&#8243; global_colors_info=&#8221;{%22gcid-270b494a-7797-4179-a3cb-58e2ea5a2b33%22:%91%22border_color_all%22,%22icon_color%22%93}&#8221; theme_builder_area=&#8221;post_content&#8221;][et_pb_social_media_follow_network social_network=&#8221;instagram&#8221; url=&#8221;https:\/\/www.instagram.com\/tahirkoc_\/&#8221; _builder_version=&#8221;4.27.0&#8243; _module_preset=&#8221;default&#8221; custom_padding=&#8221;4px|4px|4px|4px|true|true&#8221; global_colors_info=&#8221;{}&#8221; theme_builder_area=&#8221;post_content&#8221; follow_button=&#8221;off&#8221; url_new_window=&#8221;on&#8221;]instagram[\/et_pb_social_media_follow_network][et_pb_social_media_follow_network social_network=&#8221;tiktok&#8221; url=&#8221;https:\/\/www.tiktok.com\/@tahir.koc.barber&#8221; _builder_version=&#8221;4.27.0&#8243; _module_preset=&#8221;default&#8221; background_color=&#8221;RGBA(255,255,255,0)&#8221; background_enable_color=&#8221;on&#8221; custom_padding=&#8221;4px|4px|4px|4px|true|true&#8221; global_colors_info=&#8221;{}&#8221; theme_builder_area=&#8221;post_content&#8221; follow_button=&#8221;off&#8221; url_new_window=&#8221;on&#8221;]tiktok[\/et_pb_social_media_follow_network][\/et_pb_social_media_follow][\/et_pb_column][et_pb_column type=&#8221;2_5&#8243; _builder_version=&#8221;4.27.0&#8243; _module_preset=&#8221;default&#8221; background_image=&#8221;https:\/\/tahirkoc.com.tr\/wp-content\/uploads\/2024\/08\/WhatsApp-Image-2024-08-07-at-20.02.29-1.jpeg&#8221; global_colors_info=&#8221;{}&#8221; theme_builder_area=&#8221;post_content&#8221;][et_pb_divider show_divider=&#8221;off&#8221; _builder_version=&#8221;4.21.0&#8243; _module_preset=&#8221;default&#8221; height_tablet=&#8221;64vw&#8221; height_phone=&#8221;64vw&#8221; height_last_edited=&#8221;on|desktop&#8221; locked=&#8221;off&#8221; global_colors_info=&#8221;{}&#8221; theme_builder_area=&#8221;post_content&#8221;][\/et_pb_divider][\/et_pb_column][\/et_pb_row][\/et_pb_section]<\/p>\n","protected":false},"excerpt":{"rendered":"<p>HAKKIMIZDATahir Ko\u00e7 Barber Shop Hakk\u0131m\u0131zda Tahir Ko\u00e7 Barber Shop olarak, m\u00fc\u015fteri memnuniyetini her zaman \u00f6n planda tutan, profesyonel ve deneyimli bir ekibiz. Berberlik ve g\u00fczellik hizmetlerimizle, siz de\u011ferli m\u00fc\u015fterilerimize en kaliteli ve titiz bak\u0131m\u0131 sunmaktan gurur duyuyoruz. Sundu\u011fumuz hizmetler aras\u0131nda sa\u00e7 kesimi, modern sa\u00e7 kesimi, sakal \u015fekil verme, sa\u00e7 tarama, sa\u00e7 y\u0131kama ve f\u00f6n, r\u00f6fle, [&hellip;]<\/p>\n","protected":false},"author":1,"featured_media":0,"parent":0,"menu_order":0,"comment_status":"closed","ping_status":"closed","template":"","meta":{"_et_pb_use_builder":"on","_et_pb_old_content":"","_et_gb_content_width":"","footnotes":""},"class_list":["post-53","page","type-page","status-publish","hentry"],"_links":{"self":[{"href":"https:\/\/tahirkoc.com.tr\/index.php\/wp-json\/wp\/v2\/pages\/53","targetHints":{"allow":["GET"]}}],"collection":[{"href":"https:\/\/tahirkoc.com.tr\/index.php\/wp-json\/wp\/v2\/pages"}],"about":[{"href":"https:\/\/tahirkoc.com.tr\/index.php\/wp-json\/wp\/v2\/types\/page"}],"author":[{"embeddable":true,"href":"https:\/\/tahirkoc.com.tr\/index.php\/wp-json\/wp\/v2\/users\/1"}],"replies":[{"embeddable":true,"href":"https:\/\/tahirkoc.com.tr\/index.php\/wp-json\/wp\/v2\/comments?post=53"}],"version-history":[{"count":6,"href":"https:\/\/tahirkoc.com.tr\/index.php\/wp-json\/wp\/v2\/pages\/53\/revisions"}],"predecessor-version":[{"id":158,"href":"https:\/\/tahirkoc.com.tr\/index.php\/wp-json\/wp\/v2\/pages\/53\/revisions\/158"}],"wp:attachment":[{"href":"https:\/\/tahirkoc.com.tr\/index.php\/wp-json\/wp\/v2\/media?parent=53"}],"curies":[{"name":"wp","href":"https:\/\/api.w.org\/{rel}","templated":true}]}}